{"id":222,"date":"2021-05-11T15:37:05","date_gmt":"2021-05-11T13:37:05","guid":{"rendered":"https:\/\/xn--kschfer-8wa.de\/?page_id=222"},"modified":"2026-01-23T13:35:24","modified_gmt":"2026-01-23T12:35:24","slug":"oc-hairsystems","status":"publish","type":"page","link":"https:\/\/xn--kschfer-8wa.de\/en\/oc-hairsystems\/","title":{"rendered":"O.C. Website"},"content":{"rendered":"<div data-elementor-type=\"wp-page\" data-elementor-id=\"222\" class=\"elementor elementor-222\" data-elementor-settings=\"[]\">\n\t\t\t\t\t\t\t<div class=\"elementor-section-wrap\">\n\t\t\t\t\t\t\t<section class=\"elementor-section elementor-top-section elementor-element elementor-element-9c4838c elementor-section-content-middle elementor-section-height-min-height elementor-section-boxed elementor-section-height-default elementor-section-items-middle\" data-id=\"9c4838c\" data-element_type=\"section\" data-settings=\"{&quot;background_background&quot;:&quot;slideshow&quot;,&quot;background_slideshow_gallery&quot;:[{&quot;id&quot;:1354,&quot;url&quot;:&quot;https:\\\/\\\/xn--kschfer-8wa.de\\\/wp-content\\\/uploads\\\/2023\\\/07\\\/DSC00195.jpg&quot;}],&quot;background_slideshow_loop&quot;:&quot;yes&quot;,&quot;background_slideshow_slide_duration&quot;:5000,&quot;background_slideshow_slide_transition&quot;:&quot;fade&quot;,&quot;background_slideshow_transition_duration&quot;:500}\">\n\t\t\t\t\t\t\t<div class=\"elementor-background-overlay\"><\/div>\n\t\t\t\t\t\t\t<div class=\"elementor-container elementor-column-gap-wider\">\n\t\t\t\t\t<div class=\"elementor-column elementor-col-100 elementor-top-column elementor-element elementor-element-0ed7dba\" data-id=\"0ed7dba\" data-element_type=\"column\">\n\t\t\t<div class=\"elementor-widget-wrap elementor-element-populated\">\n\t\t\t\t\t\t\t\t<section class=\"elementor-section elementor-inner-section elementor-element elementor-element-0e22c86 elementor-section-boxed elementor-section-height-default elementor-section-height-default\" data-id=\"0e22c86\" data-element_type=\"section\">\n\t\t\t\t\t\t<div class=\"elementor-container elementor-column-gap-default\">\n\t\t\t\t\t<div class=\"elementor-column elementor-col-100 elementor-inner-column elementor-element elementor-element-4a2e2ae\" data-id=\"4a2e2ae\" data-element_type=\"column\">\n\t\t\t<div class=\"elementor-widget-wrap elementor-element-populated\">\n\t\t\t\t\t\t\t\t<div class=\"elementor-element elementor-element-aef68b2 elementor-widget elementor-widget-spacer\" data-id=\"aef68b2\" data-element_type=\"widget\" data-widget_type=\"spacer.default\">\n\t\t\t\t<div class=\"elementor-widget-container\">\n\t\t\t\t\t<div class=\"elementor-spacer\">\n\t\t\t<div class=\"elementor-spacer-inner\"><\/div>\n\t\t<\/div>\n\t\t\t\t<\/div>\n\t\t\t\t<\/div>\n\t\t\t\t<div class=\"elementor-element elementor-element-eb399ed elementor-widget elementor-widget-eael-fancy-text\" data-id=\"eb399ed\" data-element_type=\"widget\" data-widget_type=\"eael-fancy-text.default\">\n\t\t\t\t<div class=\"elementor-widget-container\">\n\t\t\t\n\t<div  class=\"eael-fancy-text-container style-1\" data-fancy-text-id=\"eb399ed\" data-fancy-text=\"| Hairsystems\" data-fancy-text-transition-type=\"typing\" data-fancy-text-speed=\"50\" data-fancy-text-delay=\"2500\" data-fancy-text-cursor=\"yes\" data-fancy-text-loop=\"yes\" >\n\t\t\t\t\t<span class=\"eael-fancy-text-prefix\">O.C. <\/span>\n\t\t\n\t\t\n\t\t\t\t\t<span id=\"eael-fancy-text-eb399ed\" class=\"eael-fancy-text-strings solid-color\">\n\t\t\t\t<noscript>\n\t\t\t\t\t Hairsystems\t\t\t\t<\/noscript>\n\t\t\t<\/span>\n\t\t\n\t\t\t<\/div><!-- close .eael-fancy-text-container -->\n\n\t<div class=\"clearfix\"><\/div>\n\n\t\t\t<\/div>\n\t\t\t\t<\/div>\n\t\t\t\t\t<\/div>\n\t\t<\/div>\n\t\t\t\t\t\t\t<\/div>\n\t\t<\/section>\n\t\t\t\t\t<\/div>\n\t\t<\/div>\n\t\t\t\t\t\t\t<\/div>\n\t\t<\/section>\n\t\t\t\t<section class=\"elementor-section elementor-top-section elementor-element elementor-element-7357997 elementor-section-boxed elementor-section-height-default elementor-section-height-default\" data-id=\"7357997\" data-element_type=\"section\">\n\t\t\t\t\t\t<div class=\"elementor-container elementor-column-gap-default\">\n\t\t\t\t\t<div class=\"elementor-column elementor-col-100 elementor-top-column elementor-element elementor-element-85110fe\" data-id=\"85110fe\" data-element_type=\"column\">\n\t\t\t<div class=\"elementor-widget-wrap elementor-element-populated\">\n\t\t\t\t\t\t\t\t<div class=\"elementor-element elementor-element-575f2a3 elementor-widget elementor-widget-spacer\" data-id=\"575f2a3\" data-element_type=\"widget\" data-widget_type=\"spacer.default\">\n\t\t\t\t<div class=\"elementor-widget-container\">\n\t\t\t\t\t<div class=\"elementor-spacer\">\n\t\t\t<div class=\"elementor-spacer-inner\"><\/div>\n\t\t<\/div>\n\t\t\t\t<\/div>\n\t\t\t\t<\/div>\n\t\t\t\t\t<\/div>\n\t\t<\/div>\n\t\t\t\t\t\t\t<\/div>\n\t\t<\/section>\n\t\t\t\t<section class=\"elementor-section elementor-top-section elementor-element elementor-element-9b8418c elementor-section-boxed elementor-section-height-default elementor-section-height-default\" data-id=\"9b8418c\" data-element_type=\"section\" data-settings=\"{&quot;background_background&quot;:&quot;classic&quot;}\">\n\t\t\t\t\t\t<div class=\"elementor-container elementor-column-gap-no\">\n\t\t\t\t\t<div class=\"elementor-column elementor-col-50 elementor-top-column elementor-element elementor-element-71de6c0\" data-id=\"71de6c0\" data-element_type=\"column\">\n\t\t\t<div class=\"elementor-widget-wrap elementor-element-populated\">\n\t\t\t\t\t\t\t\t<div class=\"elementor-element elementor-element-5f2fadc elementor-widget elementor-widget-image\" data-id=\"5f2fadc\" data-element_type=\"widget\" data-widget_type=\"image.default\">\n\t\t\t\t<div class=\"elementor-widget-container\">\n\t\t\t\t\t\t\t\t\t\t\t\t\t\t\t<img width=\"1024\" height=\"625\" src=\"https:\/\/xn--kschfer-8wa.de\/wp-content\/uploads\/2023\/07\/transparent_logo_oc_hairsystems_v_schwarz-1024x625.png\" class=\"attachment-large size-large\" alt=\"\" loading=\"lazy\" srcset=\"https:\/\/xn--kschfer-8wa.de\/wp-content\/uploads\/2023\/07\/transparent_logo_oc_hairsystems_v_schwarz-1024x625.png 1024w, https:\/\/xn--kschfer-8wa.de\/wp-content\/uploads\/2023\/07\/transparent_logo_oc_hairsystems_v_schwarz-300x183.png 300w, https:\/\/xn--kschfer-8wa.de\/wp-content\/uploads\/2023\/07\/transparent_logo_oc_hairsystems_v_schwarz-768x469.png 768w, https:\/\/xn--kschfer-8wa.de\/wp-content\/uploads\/2023\/07\/transparent_logo_oc_hairsystems_v_schwarz.png 1095w\" sizes=\"(max-width: 1024px) 100vw, 1024px\" \/>\t\t\t\t\t\t\t\t\t\t\t\t\t\t\t<\/div>\n\t\t\t\t<\/div>\n\t\t\t\t\t<\/div>\n\t\t<\/div>\n\t\t\t\t<div class=\"elementor-column elementor-col-50 elementor-top-column elementor-element elementor-element-06ff42b\" data-id=\"06ff42b\" data-element_type=\"column\">\n\t\t\t<div class=\"elementor-widget-wrap elementor-element-populated\">\n\t\t\t\t\t\t\t\t<div class=\"elementor-element elementor-element-e6184cb elementor-invisible elementor-widget elementor-widget-text-editor\" data-id=\"e6184cb\" data-element_type=\"widget\" data-settings=\"{&quot;_animation&quot;:&quot;fadeIn&quot;}\" data-widget_type=\"text-editor.default\">\n\t\t\t\t<div class=\"elementor-widget-container\">\n\t\t\t\t\t\t\tDuring my internship in Digital Marketing at O.C., I contributed to the development of the new website and implemented it using WordPress. O.C. primarily offers hair systems as well as related care products and hair solutions for men and women experiencing hair loss.\n\nAs a working student, my main responsibility was to design a community app for O.C., where I was in charge of UX\/UI design. The goal was to consolidate O.C.\u2019s services within one app \u2014 including the shop, appointment booking and rescheduling features, and video tutorials (such as how to apply or care for hair systems).<b><\/b>\n\n\n<b>In cooperation with O.C. as an industry partner, I wrote my bachelor\u2019s thesis on the topic: Developing a community app to increase customer retention and satisfaction for startups.<\/b>\n\nThe application is in the <a href=\"https:\/\/apps.apple.com\/de\/app\/o-c-hairsystems\/id6499206452\"><b>App Store<\/b><\/a> and <a href=\"https:\/\/play.google.com\/store\/apps\/details?id=com.ochairsystems.customerapp&amp;hl=gsw\"><b>Google Store<\/b><\/a> available\t\t\t\t\t\t<\/div>\n\t\t\t\t<\/div>\n\t\t\t\t\t<\/div>\n\t\t<\/div>\n\t\t\t\t\t\t\t<\/div>\n\t\t<\/section>\n\t\t\t\t<section class=\"elementor-section elementor-top-section elementor-element elementor-element-3af3ab2 elementor-section-boxed elementor-section-height-default elementor-section-height-default\" data-id=\"3af3ab2\" data-element_type=\"section\" data-settings=\"{&quot;background_background&quot;:&quot;classic&quot;}\">\n\t\t\t\t\t\t<div class=\"elementor-container elementor-column-gap-no\">\n\t\t\t\t\t<div class=\"elementor-column elementor-col-50 elementor-top-column elementor-element elementor-element-7bcb7e6\" data-id=\"7bcb7e6\" data-element_type=\"column\">\n\t\t\t<div class=\"elementor-widget-wrap elementor-element-populated\">\n\t\t\t\t\t\t\t\t<div class=\"elementor-element elementor-element-d4ea644 elementor-widget elementor-widget-heading\" data-id=\"d4ea644\" data-element_type=\"widget\" data-widget_type=\"heading.default\">\n\t\t\t\t<div class=\"elementor-widget-container\">\n\t\t\t<h3 class=\"elementor-heading-title elementor-size-default\">O.C. Hairsystems<\/h3>\t\t<\/div>\n\t\t\t\t<\/div>\n\t\t\t\t<div class=\"elementor-element elementor-element-4b7d9f9 elementor-hidden-mobile elementor-widget elementor-widget-heading\" data-id=\"4b7d9f9\" data-element_type=\"widget\" data-widget_type=\"heading.default\">\n\t\t\t\t<div class=\"elementor-widget-container\">\n\t\t\t<h2 class=\"elementor-heading-title elementor-size-default\">app <\/h2>\t\t<\/div>\n\t\t\t\t<\/div>\n\t\t\t\t<div class=\"elementor-element elementor-element-61a14c5 elementor-hidden-desktop elementor-hidden-tablet elementor-widget elementor-widget-heading\" data-id=\"61a14c5\" data-element_type=\"widget\" data-widget_type=\"heading.default\">\n\t\t\t\t<div class=\"elementor-widget-container\">\n\t\t\t<h2 class=\"elementor-heading-title elementor-size-default\">APP <\/h2>\t\t<\/div>\n\t\t\t\t<\/div>\n\t\t\t\t<div class=\"elementor-element elementor-element-2c737d7 elementor-mobile-align-center elementor-hidden-desktop elementor-hidden-tablet elementor-widget elementor-widget-button\" data-id=\"2c737d7\" data-element_type=\"widget\" data-widget_type=\"button.default\">\n\t\t\t\t<div class=\"elementor-widget-container\">\n\t\t\t\t\t<div class=\"elementor-button-wrapper\">\n\t\t\t<a href=\"https:\/\/apps.apple.com\/de\/app\/o-c-hairsystems\/id6499206452\" target=\"_blank\" class=\"elementor-button-link elementor-button elementor-size-md\" role=\"button\">\n\t\t\t\t\t\t<span class=\"elementor-button-content-wrapper\">\n\t\t\t\t\t\t<span class=\"elementor-button-text\">zum apps store<\/span>\n\t\t<\/span>\n\t\t\t\t\t<\/a>\n\t\t<\/div>\n\t\t\t\t<\/div>\n\t\t\t\t<\/div>\n\t\t\t\t<div class=\"elementor-element elementor-element-b337360 elementor-hidden-mobile elementor-tablet-align-center elementor-hidden-desktop elementor-widget elementor-widget-button\" data-id=\"b337360\" data-element_type=\"widget\" data-widget_type=\"button.default\">\n\t\t\t\t<div class=\"elementor-widget-container\">\n\t\t\t\t\t<div class=\"elementor-button-wrapper\">\n\t\t\t<a href=\"https:\/\/apps.apple.com\/de\/app\/o-c-hairsystems\/id6499206452\" target=\"_blank\" class=\"elementor-button-link elementor-button elementor-size-md\" role=\"button\">\n\t\t\t\t\t\t<span class=\"elementor-button-content-wrapper\">\n\t\t\t\t\t\t<span class=\"elementor-button-text\">zum App store<\/span>\n\t\t<\/span>\n\t\t\t\t\t<\/a>\n\t\t<\/div>\n\t\t\t\t<\/div>\n\t\t\t\t<\/div>\n\t\t\t\t<div class=\"elementor-element elementor-element-c3bc681 elementor-hidden-mobile elementor-hidden-tablet elementor-widget elementor-widget-button\" data-id=\"c3bc681\" data-element_type=\"widget\" data-widget_type=\"button.default\">\n\t\t\t\t<div class=\"elementor-widget-container\">\n\t\t\t\t\t<div class=\"elementor-button-wrapper\">\n\t\t\t<a href=\"https:\/\/apps.apple.com\/de\/app\/o-c-hairsystems\/id6499206452\" target=\"_blank\" class=\"elementor-button-link elementor-button elementor-size-md\" role=\"button\">\n\t\t\t\t\t\t<span class=\"elementor-button-content-wrapper\">\n\t\t\t\t\t\t<span class=\"elementor-button-text\">App Store<\/span>\n\t\t<\/span>\n\t\t\t\t\t<\/a>\n\t\t<\/div>\n\t\t\t\t<\/div>\n\t\t\t\t<\/div>\n\t\t\t\t\t<\/div>\n\t\t<\/div>\n\t\t\t\t<div class=\"elementor-column elementor-col-50 elementor-top-column elementor-element elementor-element-874689c\" data-id=\"874689c\" data-element_type=\"column\">\n\t\t\t<div class=\"elementor-widget-wrap elementor-element-populated\">\n\t\t\t\t\t\t\t\t<div class=\"elementor-element elementor-element-750a79d elementor-hidden-mobile elementor-hidden-tablet elementor-widget elementor-widget-image\" data-id=\"750a79d\" data-element_type=\"widget\" data-widget_type=\"image.default\">\n\t\t\t\t<div class=\"elementor-widget-container\">\n\t\t\t\t\t\t\t\t\t\t\t\t\t\t\t<img width=\"1024\" height=\"583\" src=\"https:\/\/xn--kschfer-8wa.de\/wp-content\/uploads\/2024\/04\/Group-18-1024x583.png\" class=\"attachment-large size-large\" alt=\"\" loading=\"lazy\" srcset=\"https:\/\/xn--kschfer-8wa.de\/wp-content\/uploads\/2024\/04\/Group-18-1024x583.png 1024w, https:\/\/xn--kschfer-8wa.de\/wp-content\/uploads\/2024\/04\/Group-18-300x171.png 300w, https:\/\/xn--kschfer-8wa.de\/wp-content\/uploads\/2024\/04\/Group-18-768x437.png 768w, https:\/\/xn--kschfer-8wa.de\/wp-content\/uploads\/2024\/04\/Group-18-1536x874.png 1536w, https:\/\/xn--kschfer-8wa.de\/wp-content\/uploads\/2024\/04\/Group-18-2048x1166.png 2048w\" sizes=\"(max-width: 1024px) 100vw, 1024px\" \/>\t\t\t\t\t\t\t\t\t\t\t\t\t\t\t<\/div>\n\t\t\t\t<\/div>\n\t\t\t\t<div class=\"elementor-element elementor-element-6d4bce9 elementor-hidden-mobile elementor-hidden-desktop elementor-widget elementor-widget-image\" data-id=\"6d4bce9\" data-element_type=\"widget\" data-widget_type=\"image.default\">\n\t\t\t\t<div class=\"elementor-widget-container\">\n\t\t\t\t\t\t\t\t\t\t\t\t\t\t\t<img width=\"1024\" height=\"583\" src=\"https:\/\/xn--kschfer-8wa.de\/wp-content\/uploads\/2024\/04\/Group-18-1024x583.png\" class=\"attachment-large size-large\" alt=\"\" loading=\"lazy\" srcset=\"https:\/\/xn--kschfer-8wa.de\/wp-content\/uploads\/2024\/04\/Group-18-1024x583.png 1024w, https:\/\/xn--kschfer-8wa.de\/wp-content\/uploads\/2024\/04\/Group-18-300x171.png 300w, https:\/\/xn--kschfer-8wa.de\/wp-content\/uploads\/2024\/04\/Group-18-768x437.png 768w, https:\/\/xn--kschfer-8wa.de\/wp-content\/uploads\/2024\/04\/Group-18-1536x874.png 1536w, https:\/\/xn--kschfer-8wa.de\/wp-content\/uploads\/2024\/04\/Group-18-2048x1166.png 2048w\" sizes=\"(max-width: 1024px) 100vw, 1024px\" \/>\t\t\t\t\t\t\t\t\t\t\t\t\t\t\t<\/div>\n\t\t\t\t<\/div>\n\t\t\t\t<div class=\"elementor-element elementor-element-bdc06ca elementor-hidden-desktop elementor-hidden-tablet elementor-widget elementor-widget-image\" data-id=\"bdc06ca\" data-element_type=\"widget\" data-widget_type=\"image.default\">\n\t\t\t\t<div class=\"elementor-widget-container\">\n\t\t\t\t\t\t\t\t\t\t\t\t\t\t\t\t<a href=\"https:\/\/oc-hairsystems.com\/\">\n\t\t\t\t\t\t\t<img width=\"1024\" height=\"583\" src=\"https:\/\/xn--kschfer-8wa.de\/wp-content\/uploads\/2024\/04\/Group-18-1024x583.png\" class=\"attachment-large size-large\" alt=\"\" loading=\"lazy\" srcset=\"https:\/\/xn--kschfer-8wa.de\/wp-content\/uploads\/2024\/04\/Group-18-1024x583.png 1024w, https:\/\/xn--kschfer-8wa.de\/wp-content\/uploads\/2024\/04\/Group-18-300x171.png 300w, https:\/\/xn--kschfer-8wa.de\/wp-content\/uploads\/2024\/04\/Group-18-768x437.png 768w, https:\/\/xn--kschfer-8wa.de\/wp-content\/uploads\/2024\/04\/Group-18-1536x874.png 1536w, https:\/\/xn--kschfer-8wa.de\/wp-content\/uploads\/2024\/04\/Group-18-2048x1166.png 2048w\" sizes=\"(max-width: 1024px) 100vw, 1024px\" \/>\t\t\t\t\t\t\t\t<\/a>\n\t\t\t\t\t\t\t\t\t\t\t\t\t\t\t<\/div>\n\t\t\t\t<\/div>\n\t\t\t\t\t<\/div>\n\t\t<\/div>\n\t\t\t\t\t\t\t<\/div>\n\t\t<\/section>\n\t\t\t\t<section class=\"elementor-section elementor-top-section elementor-element elementor-element-b74bb49 elementor-section-boxed elementor-section-height-default elementor-section-height-default\" data-id=\"b74bb49\" data-element_type=\"section\" data-settings=\"{&quot;background_background&quot;:&quot;classic&quot;}\">\n\t\t\t\t\t\t<div class=\"elementor-container elementor-column-gap-no\">\n\t\t\t\t\t<div class=\"elementor-column elementor-col-50 elementor-top-column elementor-element elementor-element-fd46121\" data-id=\"fd46121\" data-element_type=\"column\">\n\t\t\t<div class=\"elementor-widget-wrap elementor-element-populated\">\n\t\t\t\t\t\t\t\t<div class=\"elementor-element elementor-element-95070a8 elementor-hidden-desktop elementor-hidden-tablet elementor-widget elementor-widget-spacer\" data-id=\"95070a8\" data-element_type=\"widget\" data-widget_type=\"spacer.default\">\n\t\t\t\t<div class=\"elementor-widget-container\">\n\t\t\t\t\t<div class=\"elementor-spacer\">\n\t\t\t<div class=\"elementor-spacer-inner\"><\/div>\n\t\t<\/div>\n\t\t\t\t<\/div>\n\t\t\t\t<\/div>\n\t\t\t\t<div class=\"elementor-element elementor-element-f2cbc5a elementor-hidden-mobile elementor-widget elementor-widget-image\" data-id=\"f2cbc5a\" data-element_type=\"widget\" data-widget_type=\"image.default\">\n\t\t\t\t<div class=\"elementor-widget-container\">\n\t\t\t\t\t\t\t\t\t\t\t\t\t\t\t\t<a href=\"https:\/\/oc-hairsystems.com\/\">\n\t\t\t\t\t\t\t<img width=\"1024\" height=\"583\" src=\"https:\/\/xn--kschfer-8wa.de\/wp-content\/uploads\/2024\/04\/Responsiv-1024x583.png\" class=\"attachment-large size-large\" alt=\"\" loading=\"lazy\" srcset=\"https:\/\/xn--kschfer-8wa.de\/wp-content\/uploads\/2024\/04\/Responsiv-1024x583.png 1024w, https:\/\/xn--kschfer-8wa.de\/wp-content\/uploads\/2024\/04\/Responsiv-300x171.png 300w, https:\/\/xn--kschfer-8wa.de\/wp-content\/uploads\/2024\/04\/Responsiv-768x437.png 768w, https:\/\/xn--kschfer-8wa.de\/wp-content\/uploads\/2024\/04\/Responsiv-1536x874.png 1536w, https:\/\/xn--kschfer-8wa.de\/wp-content\/uploads\/2024\/04\/Responsiv-2048x1166.png 2048w\" sizes=\"(max-width: 1024px) 100vw, 1024px\" \/>\t\t\t\t\t\t\t\t<\/a>\n\t\t\t\t\t\t\t\t\t\t\t\t\t\t\t<\/div>\n\t\t\t\t<\/div>\n\t\t\t\t<div class=\"elementor-element elementor-element-b8dd301 elementor-hidden-desktop elementor-hidden-tablet elementor-widget elementor-widget-heading\" data-id=\"b8dd301\" data-element_type=\"widget\" data-widget_type=\"heading.default\">\n\t\t\t\t<div class=\"elementor-widget-container\">\n\t\t\t<h3 class=\"elementor-heading-title elementor-size-default\">O.C. Hairsystems<\/h3>\t\t<\/div>\n\t\t\t\t<\/div>\n\t\t\t\t<div class=\"elementor-element elementor-element-54ef13e elementor-hidden-desktop elementor-hidden-tablet elementor-widget elementor-widget-heading\" data-id=\"54ef13e\" data-element_type=\"widget\" data-widget_type=\"heading.default\">\n\t\t\t\t<div class=\"elementor-widget-container\">\n\t\t\t<h2 class=\"elementor-heading-title elementor-size-default\">fertige website<\/h2>\t\t<\/div>\n\t\t\t\t<\/div>\n\t\t\t\t<div class=\"elementor-element elementor-element-ff7ebb6 elementor-mobile-align-center elementor-hidden-desktop elementor-hidden-tablet elementor-widget elementor-widget-button\" data-id=\"ff7ebb6\" data-element_type=\"widget\" data-widget_type=\"button.default\">\n\t\t\t\t<div class=\"elementor-widget-container\">\n\t\t\t\t\t<div class=\"elementor-button-wrapper\">\n\t\t\t<a href=\"https:\/\/oc-hairsystems.com\/\" target=\"_blank\" class=\"elementor-button-link elementor-button elementor-size-md\" role=\"button\">\n\t\t\t\t\t\t<span class=\"elementor-button-content-wrapper\">\n\t\t\t\t\t\t<span class=\"elementor-button-text\">Klick here<\/span>\n\t\t<\/span>\n\t\t\t\t\t<\/a>\n\t\t<\/div>\n\t\t\t\t<\/div>\n\t\t\t\t<\/div>\n\t\t\t\t<div class=\"elementor-element elementor-element-12b3cf3 elementor-hidden-desktop elementor-hidden-tablet elementor-widget elementor-widget-image\" data-id=\"12b3cf3\" data-element_type=\"widget\" data-widget_type=\"image.default\">\n\t\t\t\t<div class=\"elementor-widget-container\">\n\t\t\t\t\t\t\t\t\t\t\t\t\t\t\t\t<a href=\"https:\/\/oc-hairsystems.com\/\">\n\t\t\t\t\t\t\t<img width=\"1024\" height=\"583\" src=\"https:\/\/xn--kschfer-8wa.de\/wp-content\/uploads\/2024\/04\/Responsiv-1024x583.png\" class=\"attachment-large size-large\" alt=\"\" loading=\"lazy\" srcset=\"https:\/\/xn--kschfer-8wa.de\/wp-content\/uploads\/2024\/04\/Responsiv-1024x583.png 1024w, https:\/\/xn--kschfer-8wa.de\/wp-content\/uploads\/2024\/04\/Responsiv-300x171.png 300w, https:\/\/xn--kschfer-8wa.de\/wp-content\/uploads\/2024\/04\/Responsiv-768x437.png 768w, https:\/\/xn--kschfer-8wa.de\/wp-content\/uploads\/2024\/04\/Responsiv-1536x874.png 1536w, https:\/\/xn--kschfer-8wa.de\/wp-content\/uploads\/2024\/04\/Responsiv-2048x1166.png 2048w\" sizes=\"(max-width: 1024px) 100vw, 1024px\" \/>\t\t\t\t\t\t\t\t<\/a>\n\t\t\t\t\t\t\t\t\t\t\t\t\t\t\t<\/div>\n\t\t\t\t<\/div>\n\t\t\t\t\t<\/div>\n\t\t<\/div>\n\t\t\t\t<div class=\"elementor-column elementor-col-50 elementor-top-column elementor-element elementor-element-ca4fa88\" data-id=\"ca4fa88\" data-element_type=\"column\">\n\t\t\t<div class=\"elementor-widget-wrap elementor-element-populated\">\n\t\t\t\t\t\t\t\t<div class=\"elementor-element elementor-element-9983b51 elementor-hidden-mobile elementor-hidden-tablet elementor-widget elementor-widget-heading\" data-id=\"9983b51\" data-element_type=\"widget\" data-widget_type=\"heading.default\">\n\t\t\t\t<div class=\"elementor-widget-container\">\n\t\t\t<h3 class=\"elementor-heading-title elementor-size-default\">O.C. Hairsystems<\/h3>\t\t<\/div>\n\t\t\t\t<\/div>\n\t\t\t\t<div class=\"elementor-element elementor-element-f752ce0 elementor-hidden-mobile elementor-hidden-desktop elementor-widget elementor-widget-heading\" data-id=\"f752ce0\" data-element_type=\"widget\" data-widget_type=\"heading.default\">\n\t\t\t\t<div class=\"elementor-widget-container\">\n\t\t\t<h3 class=\"elementor-heading-title elementor-size-default\">O.C. Hairsystems<\/h3>\t\t<\/div>\n\t\t\t\t<\/div>\n\t\t\t\t<div class=\"elementor-element elementor-element-9477e62 elementor-hidden-mobile elementor-hidden-tablet elementor-widget elementor-widget-heading\" data-id=\"9477e62\" data-element_type=\"widget\" data-widget_type=\"heading.default\">\n\t\t\t\t<div class=\"elementor-widget-container\">\n\t\t\t<h2 class=\"elementor-heading-title elementor-size-default\">Final Website<\/h2>\t\t<\/div>\n\t\t\t\t<\/div>\n\t\t\t\t<div class=\"elementor-element elementor-element-d81b989 elementor-hidden-mobile elementor-hidden-desktop elementor-widget elementor-widget-heading\" data-id=\"d81b989\" data-element_type=\"widget\" data-widget_type=\"heading.default\">\n\t\t\t\t<div class=\"elementor-widget-container\">\n\t\t\t<h2 class=\"elementor-heading-title elementor-size-default\">Final Website<\/h2>\t\t<\/div>\n\t\t\t\t<\/div>\n\t\t\t\t<div class=\"elementor-element elementor-element-ca50ea7 elementor-hidden-mobile elementor-align-right elementor-hidden-tablet elementor-widget elementor-widget-button\" data-id=\"ca50ea7\" data-element_type=\"widget\" data-widget_type=\"button.default\">\n\t\t\t\t<div class=\"elementor-widget-container\">\n\t\t\t\t\t<div class=\"elementor-button-wrapper\">\n\t\t\t<a href=\"https:\/\/oc-hairsystems.com\/\" target=\"_blank\" class=\"elementor-button-link elementor-button elementor-size-md\" role=\"button\">\n\t\t\t\t\t\t<span class=\"elementor-button-content-wrapper\">\n\t\t\t\t\t\t<span class=\"elementor-button-text\">Klick here<\/span>\n\t\t<\/span>\n\t\t\t\t\t<\/a>\n\t\t<\/div>\n\t\t\t\t<\/div>\n\t\t\t\t<\/div>\n\t\t\t\t<div class=\"elementor-element elementor-element-ee9a21c elementor-hidden-mobile elementor-align-right elementor-tablet-align-center elementor-hidden-desktop elementor-widget elementor-widget-button\" data-id=\"ee9a21c\" data-element_type=\"widget\" data-widget_type=\"button.default\">\n\t\t\t\t<div class=\"elementor-widget-container\">\n\t\t\t\t\t<div class=\"elementor-button-wrapper\">\n\t\t\t<a href=\"https:\/\/oc-hairsystems.com\/\" target=\"_blank\" class=\"elementor-button-link elementor-button elementor-size-md\" role=\"button\">\n\t\t\t\t\t\t<span class=\"elementor-button-content-wrapper\">\n\t\t\t\t\t\t<span class=\"elementor-button-text\">Klick here<\/span>\n\t\t<\/span>\n\t\t\t\t\t<\/a>\n\t\t<\/div>\n\t\t\t\t<\/div>\n\t\t\t\t<\/div>\n\t\t\t\t<div class=\"elementor-element elementor-element-d3a1a5d elementor-hidden-mobile elementor-hidden-desktop elementor-widget elementor-widget-image\" data-id=\"d3a1a5d\" data-element_type=\"widget\" data-widget_type=\"image.default\">\n\t\t\t\t<div class=\"elementor-widget-container\">\n\t\t\t\t\t\t\t\t\t\t\t\t\t\t\t\t<a href=\"https:\/\/oc-hairsystems.com\/\">\n\t\t\t\t\t\t\t<img width=\"1024\" height=\"583\" src=\"https:\/\/xn--kschfer-8wa.de\/wp-content\/uploads\/2024\/04\/Responsiv-1024x583.png\" class=\"attachment-large size-large\" alt=\"\" loading=\"lazy\" srcset=\"https:\/\/xn--kschfer-8wa.de\/wp-content\/uploads\/2024\/04\/Responsiv-1024x583.png 1024w, https:\/\/xn--kschfer-8wa.de\/wp-content\/uploads\/2024\/04\/Responsiv-300x171.png 300w, https:\/\/xn--kschfer-8wa.de\/wp-content\/uploads\/2024\/04\/Responsiv-768x437.png 768w, https:\/\/xn--kschfer-8wa.de\/wp-content\/uploads\/2024\/04\/Responsiv-1536x874.png 1536w, https:\/\/xn--kschfer-8wa.de\/wp-content\/uploads\/2024\/04\/Responsiv-2048x1166.png 2048w\" sizes=\"(max-width: 1024px) 100vw, 1024px\" \/>\t\t\t\t\t\t\t\t<\/a>\n\t\t\t\t\t\t\t\t\t\t\t\t\t\t\t<\/div>\n\t\t\t\t<\/div>\n\t\t\t\t\t<\/div>\n\t\t<\/div>\n\t\t\t\t\t\t\t<\/div>\n\t\t<\/section>\n\t\t\t\t\t\t<\/div>\n\t\t\t\t\t<\/div>","protected":false},"excerpt":{"rendered":"<p>O.C. Hairsystems W\u00e4hrend meines Praktikums im Bereich Digital Marketing bei O.C. habe ich unter anderem bei der Erstellung der neuen Website geholfen und habe dies auf WordPress umgesetzt. .O.C. bietet in erster Linie Haarsysteme und damit eng verbundene Pflegeprodukte und Haarl\u00f6sungen f\u00fcr M\u00e4nner und Frauen mit Haarausfall an. Als Werkstudentin war es meine Aufgabe, f\u00fcr [&hellip;]<\/p>","protected":false},"author":1,"featured_media":0,"parent":0,"menu_order":0,"comment_status":"closed","ping_status":"closed","template":"","meta":[],"_links":{"self":[{"href":"https:\/\/xn--kschfer-8wa.de\/en\/wp-json\/wp\/v2\/pages\/222"}],"collection":[{"href":"https:\/\/xn--kschfer-8wa.de\/en\/wp-json\/wp\/v2\/pages"}],"about":[{"href":"https:\/\/xn--kschfer-8wa.de\/en\/wp-json\/wp\/v2\/types\/page"}],"author":[{"embeddable":true,"href":"https:\/\/xn--kschfer-8wa.de\/en\/wp-json\/wp\/v2\/users\/1"}],"replies":[{"embeddable":true,"href":"https:\/\/xn--kschfer-8wa.de\/en\/wp-json\/wp\/v2\/comments?post=222"}],"version-history":[{"count":481,"href":"https:\/\/xn--kschfer-8wa.de\/en\/wp-json\/wp\/v2\/pages\/222\/revisions"}],"predecessor-version":[{"id":3761,"href":"https:\/\/xn--kschfer-8wa.de\/en\/wp-json\/wp\/v2\/pages\/222\/revisions\/3761"}],"wp:attachment":[{"href":"https:\/\/xn--kschfer-8wa.de\/en\/wp-json\/wp\/v2\/media?parent=222"}],"curies":[{"name":"wp","href":"https:\/\/api.w.org\/{rel}","templated":true}]}}