{"id":3448,"date":"2025-11-12T14:21:56","date_gmt":"2025-11-12T13:21:56","guid":{"rendered":"https:\/\/xn--kschfer-8wa.de\/?page_id=3448"},"modified":"2026-01-20T13:07:44","modified_gmt":"2026-01-20T12:07:44","slug":"appsoluts-gmbh","status":"publish","type":"page","link":"https:\/\/xn--kschfer-8wa.de\/en\/appsoluts-gmbh\/","title":{"rendered":"Appsoluts GmbH"},"content":{"rendered":"<div data-elementor-type=\"wp-page\" data-elementor-id=\"3448\" class=\"elementor elementor-3448\" data-elementor-settings=\"[]\">\n\t\t\t\t\t\t\t<div class=\"elementor-section-wrap\">\n\t\t\t\t\t\t\t<section class=\"elementor-section elementor-top-section elementor-element elementor-element-9c4838c elementor-section-content-middle elementor-section-height-min-height elementor-section-boxed elementor-section-height-default elementor-section-items-middle\" data-id=\"9c4838c\" data-element_type=\"section\" data-settings=\"{&quot;background_background&quot;:&quot;slideshow&quot;,&quot;background_slideshow_gallery&quot;:[{&quot;id&quot;:3457,&quot;url&quot;:&quot;https:\\\/\\\/xn--kschfer-8wa.de\\\/wp-content\\\/uploads\\\/2025\\\/11\\\/Appsoluts-2-scaled-1.jpg&quot;}],&quot;background_slideshow_loop&quot;:&quot;yes&quot;,&quot;background_slideshow_slide_duration&quot;:5000,&quot;background_slideshow_slide_transition&quot;:&quot;fade&quot;,&quot;background_slideshow_transition_duration&quot;:500}\">\n\t\t\t\t\t\t\t<div class=\"elementor-background-overlay\"><\/div>\n\t\t\t\t\t\t\t<div class=\"elementor-container elementor-column-gap-wider\">\n\t\t\t\t\t<div class=\"elementor-column elementor-col-100 elementor-top-column elementor-element elementor-element-0ed7dba\" data-id=\"0ed7dba\" data-element_type=\"column\">\n\t\t\t<div class=\"elementor-widget-wrap elementor-element-populated\">\n\t\t\t\t\t\t\t\t<section class=\"elementor-section elementor-inner-section elementor-element elementor-element-0e22c86 elementor-section-boxed elementor-section-height-default elementor-section-height-default\" data-id=\"0e22c86\" data-element_type=\"section\">\n\t\t\t\t\t\t<div class=\"elementor-container elementor-column-gap-default\">\n\t\t\t\t\t<div class=\"elementor-column elementor-col-100 elementor-inner-column elementor-element elementor-element-4a2e2ae\" data-id=\"4a2e2ae\" data-element_type=\"column\">\n\t\t\t<div class=\"elementor-widget-wrap elementor-element-populated\">\n\t\t\t\t\t\t\t\t<div class=\"elementor-element elementor-element-aef68b2 elementor-widget elementor-widget-spacer\" data-id=\"aef68b2\" data-element_type=\"widget\" data-widget_type=\"spacer.default\">\n\t\t\t\t<div class=\"elementor-widget-container\">\n\t\t\t\t\t<div class=\"elementor-spacer\">\n\t\t\t<div class=\"elementor-spacer-inner\"><\/div>\n\t\t<\/div>\n\t\t\t\t<\/div>\n\t\t\t\t<\/div>\n\t\t\t\t<div class=\"elementor-element elementor-element-eb399ed elementor-widget elementor-widget-eael-fancy-text\" data-id=\"eb399ed\" data-element_type=\"widget\" data-widget_type=\"eael-fancy-text.default\">\n\t\t\t\t<div class=\"elementor-widget-container\">\n\t\t\t\n\t<div  class=\"eael-fancy-text-container style-1\" data-fancy-text-id=\"eb399ed\" data-fancy-text=\"|GmbH\" data-fancy-text-transition-type=\"typing\" data-fancy-text-speed=\"50\" data-fancy-text-delay=\"2500\" data-fancy-text-cursor=\"yes\" data-fancy-text-loop=\"yes\" >\n\t\t\t\t\t<span class=\"eael-fancy-text-prefix\">Appsoluts <\/span>\n\t\t\n\t\t\n\t\t\t\t\t<span id=\"eael-fancy-text-eb399ed\" class=\"eael-fancy-text-strings solid-color\">\n\t\t\t\t<noscript>\n\t\t\t\t\tGmbH\t\t\t\t<\/noscript>\n\t\t\t<\/span>\n\t\t\n\t\t\t<\/div><!-- close .eael-fancy-text-container -->\n\n\t<div class=\"clearfix\"><\/div>\n\n\t\t\t<\/div>\n\t\t\t\t<\/div>\n\t\t\t\t\t<\/div>\n\t\t<\/div>\n\t\t\t\t\t\t\t<\/div>\n\t\t<\/section>\n\t\t\t\t\t<\/div>\n\t\t<\/div>\n\t\t\t\t\t\t\t<\/div>\n\t\t<\/section>\n\t\t\t\t<section class=\"elementor-section elementor-top-section elementor-element elementor-element-7357997 elementor-section-boxed elementor-section-height-default elementor-section-height-default\" data-id=\"7357997\" data-element_type=\"section\">\n\t\t\t\t\t\t<div class=\"elementor-container elementor-column-gap-default\">\n\t\t\t\t\t<div class=\"elementor-column elementor-col-100 elementor-top-column elementor-element elementor-element-85110fe\" data-id=\"85110fe\" data-element_type=\"column\">\n\t\t\t<div class=\"elementor-widget-wrap elementor-element-populated\">\n\t\t\t\t\t\t\t\t<div class=\"elementor-element elementor-element-575f2a3 elementor-widget elementor-widget-spacer\" data-id=\"575f2a3\" data-element_type=\"widget\" data-widget_type=\"spacer.default\">\n\t\t\t\t<div class=\"elementor-widget-container\">\n\t\t\t\t\t<div class=\"elementor-spacer\">\n\t\t\t<div class=\"elementor-spacer-inner\"><\/div>\n\t\t<\/div>\n\t\t\t\t<\/div>\n\t\t\t\t<\/div>\n\t\t\t\t\t<\/div>\n\t\t<\/div>\n\t\t\t\t\t\t\t<\/div>\n\t\t<\/section>\n\t\t\t\t<section class=\"elementor-section elementor-top-section elementor-element elementor-element-9b8418c elementor-section-boxed elementor-section-height-default elementor-section-height-default\" data-id=\"9b8418c\" data-element_type=\"section\" data-settings=\"{&quot;background_background&quot;:&quot;classic&quot;}\">\n\t\t\t\t\t\t<div class=\"elementor-container elementor-column-gap-no\">\n\t\t\t\t\t<div class=\"elementor-column elementor-col-50 elementor-top-column elementor-element elementor-element-71de6c0\" data-id=\"71de6c0\" data-element_type=\"column\">\n\t\t\t<div class=\"elementor-widget-wrap elementor-element-populated\">\n\t\t\t\t\t\t\t\t<div class=\"elementor-element elementor-element-5f2fadc elementor-widget elementor-widget-image\" data-id=\"5f2fadc\" data-element_type=\"widget\" data-widget_type=\"image.default\">\n\t\t\t\t<div class=\"elementor-widget-container\">\n\t\t\t\t\t\t\t\t\t\t\t\t\t\t\t<img width=\"1024\" height=\"507\" src=\"https:\/\/xn--kschfer-8wa.de\/wp-content\/uploads\/2025\/11\/appsoluts-logo-1024x507.png\" class=\"attachment-large size-large\" alt=\"\" loading=\"lazy\" srcset=\"https:\/\/xn--kschfer-8wa.de\/wp-content\/uploads\/2025\/11\/appsoluts-logo-1024x507.png 1024w, https:\/\/xn--kschfer-8wa.de\/wp-content\/uploads\/2025\/11\/appsoluts-logo-300x148.png 300w, https:\/\/xn--kschfer-8wa.de\/wp-content\/uploads\/2025\/11\/appsoluts-logo-768x380.png 768w, https:\/\/xn--kschfer-8wa.de\/wp-content\/uploads\/2025\/11\/appsoluts-logo-1536x760.png 1536w, https:\/\/xn--kschfer-8wa.de\/wp-content\/uploads\/2025\/11\/appsoluts-logo.png 1584w\" sizes=\"(max-width: 1024px) 100vw, 1024px\" \/>\t\t\t\t\t\t\t\t\t\t\t\t\t\t\t<\/div>\n\t\t\t\t<\/div>\n\t\t\t\t\t<\/div>\n\t\t<\/div>\n\t\t\t\t<div class=\"elementor-column elementor-col-50 elementor-top-column elementor-element elementor-element-06ff42b\" data-id=\"06ff42b\" data-element_type=\"column\">\n\t\t\t<div class=\"elementor-widget-wrap elementor-element-populated\">\n\t\t\t\t\t\t\t\t<div class=\"elementor-element elementor-element-e6184cb elementor-invisible elementor-widget elementor-widget-text-editor\" data-id=\"e6184cb\" data-element_type=\"widget\" data-settings=\"{&quot;_animation&quot;:&quot;fadeIn&quot;}\" data-widget_type=\"text-editor.default\">\n\t\t\t\t<div class=\"elementor-widget-container\">\n\t\t\t\t\t\t\tAt Appsoluts GmbH, a software development and app solutions company, I worked as a student employee in various roles within the field of UX\/UI design. In an interdisciplinary team of designers and developers, I implemented creative concept drafts and Figma designs for mobile and web applications, and conducted quality audits to ensure design quality. This collaboration allowed me to work on diverse projects and take on independent responsibilities directly alongside development and design teams.<br><\/br>\n\nMy master\u2019s thesis was also completed in cooperation with Appsoluts GmbH and focused on an innovative tracking system. Project-specific details and results are not publicly available due to data protection reasons.\t\t\t\t\t\t<\/div>\n\t\t\t\t<\/div>\n\t\t\t\t\t<\/div>\n\t\t<\/div>\n\t\t\t\t\t\t\t<\/div>\n\t\t<\/section>\n\t\t\t\t<section class=\"elementor-section elementor-top-section elementor-element elementor-element-3af3ab2 elementor-section-boxed elementor-section-height-default elementor-section-height-default\" data-id=\"3af3ab2\" data-element_type=\"section\" data-settings=\"{&quot;background_background&quot;:&quot;classic&quot;}\">\n\t\t\t\t\t\t<div class=\"elementor-container elementor-column-gap-no\">\n\t\t\t\t\t<div class=\"elementor-column elementor-col-50 elementor-top-column elementor-element elementor-element-7bcb7e6\" data-id=\"7bcb7e6\" data-element_type=\"column\">\n\t\t\t<div class=\"elementor-widget-wrap elementor-element-populated\">\n\t\t\t\t\t\t\t\t<div class=\"elementor-element elementor-element-d4ea644 elementor-widget elementor-widget-heading\" data-id=\"d4ea644\" data-element_type=\"widget\" data-widget_type=\"heading.default\">\n\t\t\t\t<div class=\"elementor-widget-container\">\n\t\t\t<h3 class=\"elementor-heading-title elementor-size-default\">Appsoluts GmbH<\/h3>\t\t<\/div>\n\t\t\t\t<\/div>\n\t\t\t\t<div class=\"elementor-element elementor-element-4b7d9f9 elementor-hidden-mobile elementor-widget elementor-widget-heading\" data-id=\"4b7d9f9\" data-element_type=\"widget\" data-widget_type=\"heading.default\">\n\t\t\t\t<div class=\"elementor-widget-container\">\n\t\t\t<h2 class=\"elementor-heading-title elementor-size-default\">mind app<\/h2>\t\t<\/div>\n\t\t\t\t<\/div>\n\t\t\t\t<div class=\"elementor-element elementor-element-61a14c5 elementor-hidden-desktop elementor-hidden-tablet elementor-widget elementor-widget-heading\" data-id=\"61a14c5\" data-element_type=\"widget\" data-widget_type=\"heading.default\">\n\t\t\t\t<div class=\"elementor-widget-container\">\n\t\t\t<h2 class=\"elementor-heading-title elementor-size-default\">Mind app<\/h2>\t\t<\/div>\n\t\t\t\t<\/div>\n\t\t\t\t<div class=\"elementor-element elementor-element-2c737d7 elementor-mobile-align-center elementor-hidden-desktop elementor-hidden-tablet elementor-widget elementor-widget-button\" data-id=\"2c737d7\" data-element_type=\"widget\" data-widget_type=\"button.default\">\n\t\t\t\t<div class=\"elementor-widget-container\">\n\t\t\t\t\t<div class=\"elementor-button-wrapper\">\n\t\t\t<a href=\"https:\/\/apps.apple.com\/de\/app\/mindapp\/id6740135998\" target=\"_blank\" class=\"elementor-button-link elementor-button elementor-size-md\" role=\"button\">\n\t\t\t\t\t\t<span class=\"elementor-button-content-wrapper\">\n\t\t\t\t\t\t<span class=\"elementor-button-text\">Zum App Store<\/span>\n\t\t<\/span>\n\t\t\t\t\t<\/a>\n\t\t<\/div>\n\t\t\t\t<\/div>\n\t\t\t\t<\/div>\n\t\t\t\t<div class=\"elementor-element elementor-element-e565e73 elementor-hidden-mobile elementor-tablet-align-left elementor-hidden-desktop elementor-widget elementor-widget-button\" data-id=\"e565e73\" data-element_type=\"widget\" data-widget_type=\"button.default\">\n\t\t\t\t<div class=\"elementor-widget-container\">\n\t\t\t\t\t<div class=\"elementor-button-wrapper\">\n\t\t\t<a href=\"https:\/\/apps.apple.com\/de\/app\/mindapp\/id6740135998\" target=\"_blank\" class=\"elementor-button-link elementor-button elementor-size-md\" role=\"button\">\n\t\t\t\t\t\t<span class=\"elementor-button-content-wrapper\">\n\t\t\t\t\t\t<span class=\"elementor-button-text\">Visit App Store<\/span>\n\t\t<\/span>\n\t\t\t\t\t<\/a>\n\t\t<\/div>\n\t\t\t\t<\/div>\n\t\t\t\t<\/div>\n\t\t\t\t<div class=\"elementor-element elementor-element-d60ed7a elementor-widget-divider--view-line elementor-widget elementor-widget-divider\" data-id=\"d60ed7a\" data-element_type=\"widget\" data-widget_type=\"divider.default\">\n\t\t\t\t<div class=\"elementor-widget-container\">\n\t\t\t\t\t<div class=\"elementor-divider\">\n\t\t\t<span class=\"elementor-divider-separator\">\n\t\t\t\t\t\t<\/span>\n\t\t<\/div>\n\t\t\t\t<\/div>\n\t\t\t\t<\/div>\n\t\t\t\t<div class=\"elementor-element elementor-element-f08881c elementor-widget elementor-widget-text-editor\" data-id=\"f08881c\" data-element_type=\"widget\" data-widget_type=\"text-editor.default\">\n\t\t\t\t<div class=\"elementor-widget-container\">\n\t\t\t\t\t\t\tIm Rahmen der Mind-App, einer Affirmations-App f\u00fcr mentale Gesundheit, habe ich die Konzeptentwicklung, Figma-Designs und Quality Audits im Team betreut, Feedbackschleifen koordiniert und die Farbgebung sowie das Logo mitgestaltet. Auch an der Erweiterung und Pflege der internen Design-Library war ich ma\u00dfgeblich beteiligt.\t\t\t\t\t\t<\/div>\n\t\t\t\t<\/div>\n\t\t\t\t<div class=\"elementor-element elementor-element-c3bc681 elementor-hidden-mobile elementor-hidden-tablet elementor-widget elementor-widget-button\" data-id=\"c3bc681\" data-element_type=\"widget\" data-widget_type=\"button.default\">\n\t\t\t\t<div class=\"elementor-widget-container\">\n\t\t\t\t\t<div class=\"elementor-button-wrapper\">\n\t\t\t<a href=\"https:\/\/apps.apple.com\/de\/app\/mindapp\/id6740135998\" target=\"_blank\" class=\"elementor-button-link elementor-button elementor-size-md\" role=\"button\">\n\t\t\t\t\t\t<span class=\"elementor-button-content-wrapper\">\n\t\t\t\t\t\t<span class=\"elementor-button-text\">Visit App Store<\/span>\n\t\t<\/span>\n\t\t\t\t\t<\/a>\n\t\t<\/div>\n\t\t\t\t<\/div>\n\t\t\t\t<\/div>\n\t\t\t\t\t<\/div>\n\t\t<\/div>\n\t\t\t\t<div class=\"elementor-column elementor-col-50 elementor-top-column elementor-element elementor-element-874689c\" data-id=\"874689c\" data-element_type=\"column\">\n\t\t\t<div class=\"elementor-widget-wrap elementor-element-populated\">\n\t\t\t\t\t\t\t\t<div class=\"elementor-element elementor-element-750a79d elementor-hidden-mobile elementor-hidden-tablet elementor-widget elementor-widget-image\" data-id=\"750a79d\" data-element_type=\"widget\" data-widget_type=\"image.default\">\n\t\t\t\t<div class=\"elementor-widget-container\">\n\t\t\t\t\t\t\t\t\t\t\t\t\t\t\t<img width=\"1024\" height=\"724\" src=\"https:\/\/xn--kschfer-8wa.de\/wp-content\/uploads\/2025\/11\/Design-ohne-Titel-1024x724.jpg\" class=\"attachment-large size-large\" alt=\"\" loading=\"lazy\" srcset=\"https:\/\/xn--kschfer-8wa.de\/wp-content\/uploads\/2025\/11\/Design-ohne-Titel-1024x724.jpg 1024w, https:\/\/xn--kschfer-8wa.de\/wp-content\/uploads\/2025\/11\/Design-ohne-Titel-300x212.jpg 300w, https:\/\/xn--kschfer-8wa.de\/wp-content\/uploads\/2025\/11\/Design-ohne-Titel-768x543.jpg 768w, https:\/\/xn--kschfer-8wa.de\/wp-content\/uploads\/2025\/11\/Design-ohne-Titel-1536x1086.jpg 1536w, https:\/\/xn--kschfer-8wa.de\/wp-content\/uploads\/2025\/11\/Design-ohne-Titel.jpg 2000w\" sizes=\"(max-width: 1024px) 100vw, 1024px\" \/>\t\t\t\t\t\t\t\t\t\t\t\t\t\t\t<\/div>\n\t\t\t\t<\/div>\n\t\t\t\t<div class=\"elementor-element elementor-element-6d4bce9 elementor-hidden-mobile elementor-hidden-desktop elementor-widget elementor-widget-image\" data-id=\"6d4bce9\" data-element_type=\"widget\" data-widget_type=\"image.default\">\n\t\t\t\t<div class=\"elementor-widget-container\">\n\t\t\t\t\t\t\t\t\t\t\t\t\t\t\t<img width=\"1024\" height=\"724\" src=\"https:\/\/xn--kschfer-8wa.de\/wp-content\/uploads\/2025\/11\/Design-ohne-Titel-1024x724.jpg\" class=\"attachment-large size-large\" alt=\"\" loading=\"lazy\" srcset=\"https:\/\/xn--kschfer-8wa.de\/wp-content\/uploads\/2025\/11\/Design-ohne-Titel-1024x724.jpg 1024w, https:\/\/xn--kschfer-8wa.de\/wp-content\/uploads\/2025\/11\/Design-ohne-Titel-300x212.jpg 300w, https:\/\/xn--kschfer-8wa.de\/wp-content\/uploads\/2025\/11\/Design-ohne-Titel-768x543.jpg 768w, https:\/\/xn--kschfer-8wa.de\/wp-content\/uploads\/2025\/11\/Design-ohne-Titel-1536x1086.jpg 1536w, https:\/\/xn--kschfer-8wa.de\/wp-content\/uploads\/2025\/11\/Design-ohne-Titel.jpg 2000w\" sizes=\"(max-width: 1024px) 100vw, 1024px\" \/>\t\t\t\t\t\t\t\t\t\t\t\t\t\t\t<\/div>\n\t\t\t\t<\/div>\n\t\t\t\t<div class=\"elementor-element elementor-element-bdc06ca elementor-hidden-desktop elementor-hidden-tablet elementor-widget elementor-widget-image\" data-id=\"bdc06ca\" data-element_type=\"widget\" data-widget_type=\"image.default\">\n\t\t\t\t<div class=\"elementor-widget-container\">\n\t\t\t\t\t\t\t\t\t\t\t\t\t\t\t<img width=\"1024\" height=\"724\" src=\"https:\/\/xn--kschfer-8wa.de\/wp-content\/uploads\/2025\/11\/Design-ohne-Titel-1024x724.jpg\" class=\"attachment-large size-large\" alt=\"\" loading=\"lazy\" srcset=\"https:\/\/xn--kschfer-8wa.de\/wp-content\/uploads\/2025\/11\/Design-ohne-Titel-1024x724.jpg 1024w, https:\/\/xn--kschfer-8wa.de\/wp-content\/uploads\/2025\/11\/Design-ohne-Titel-300x212.jpg 300w, https:\/\/xn--kschfer-8wa.de\/wp-content\/uploads\/2025\/11\/Design-ohne-Titel-768x543.jpg 768w, https:\/\/xn--kschfer-8wa.de\/wp-content\/uploads\/2025\/11\/Design-ohne-Titel-1536x1086.jpg 1536w, https:\/\/xn--kschfer-8wa.de\/wp-content\/uploads\/2025\/11\/Design-ohne-Titel.jpg 2000w\" sizes=\"(max-width: 1024px) 100vw, 1024px\" \/>\t\t\t\t\t\t\t\t\t\t\t\t\t\t\t<\/div>\n\t\t\t\t<\/div>\n\t\t\t\t\t<\/div>\n\t\t<\/div>\n\t\t\t\t\t\t\t<\/div>\n\t\t<\/section>\n\t\t\t\t<section class=\"elementor-section elementor-top-section elementor-element elementor-element-98a42e0 elementor-section-boxed elementor-section-height-default elementor-section-height-default\" data-id=\"98a42e0\" data-element_type=\"section\" data-settings=\"{&quot;background_background&quot;:&quot;classic&quot;}\">\n\t\t\t\t\t\t<div class=\"elementor-container elementor-column-gap-no\">\n\t\t\t\t\t<div class=\"elementor-column elementor-col-50 elementor-top-column elementor-element elementor-element-5636d86\" data-id=\"5636d86\" data-element_type=\"column\">\n\t\t\t<div class=\"elementor-widget-wrap elementor-element-populated\">\n\t\t\t\t\t\t\t\t<div class=\"elementor-element elementor-element-ba8afd9 elementor-widget elementor-widget-heading\" data-id=\"ba8afd9\" data-element_type=\"widget\" data-widget_type=\"heading.default\">\n\t\t\t\t<div class=\"elementor-widget-container\">\n\t\t\t<h3 class=\"elementor-heading-title elementor-size-default\">Appsoluts GmbH<\/h3>\t\t<\/div>\n\t\t\t\t<\/div>\n\t\t\t\t<div class=\"elementor-element elementor-element-28d04d3 elementor-hidden-mobile elementor-widget elementor-widget-heading\" data-id=\"28d04d3\" data-element_type=\"widget\" data-widget_type=\"heading.default\">\n\t\t\t\t<div class=\"elementor-widget-container\">\n\t\t\t<h2 class=\"elementor-heading-title elementor-size-default\">Master thesis work<\/h2>\t\t<\/div>\n\t\t\t\t<\/div>\n\t\t\t\t<div class=\"elementor-element elementor-element-3ca793a elementor-hidden-desktop elementor-hidden-tablet elementor-widget elementor-widget-heading\" data-id=\"3ca793a\" data-element_type=\"widget\" data-widget_type=\"heading.default\">\n\t\t\t\t<div class=\"elementor-widget-container\">\n\t\t\t<h2 class=\"elementor-heading-title elementor-size-default\">Master thesis work<\/h2>\t\t<\/div>\n\t\t\t\t<\/div>\n\t\t\t\t<div class=\"elementor-element elementor-element-fc5a0ab elementor-widget-divider--view-line elementor-widget elementor-widget-divider\" data-id=\"fc5a0ab\" data-element_type=\"widget\" data-widget_type=\"divider.default\">\n\t\t\t\t<div class=\"elementor-widget-container\">\n\t\t\t\t\t<div class=\"elementor-divider\">\n\t\t\t<span class=\"elementor-divider-separator\">\n\t\t\t\t\t\t<\/span>\n\t\t<\/div>\n\t\t\t\t<\/div>\n\t\t\t\t<\/div>\n\t\t\t\t<div class=\"elementor-element elementor-element-179ab21 elementor-widget elementor-widget-text-editor\" data-id=\"179ab21\" data-element_type=\"widget\" data-widget_type=\"text-editor.default\">\n\t\t\t\t<div class=\"elementor-widget-container\">\n\t\t\t\t\t\t\tAs part of my master\u2019s thesis, I carried out the redesign of an internal tracking software for Appsoluts, which systematically records working hours and project-based activities. The project encompassed thorough user research, competitor analysis, interviews, the development of personas, and the definition of relevant KPIs. A key component was a collaborative workshop with all employees (using Figma FigJam), complemented by methods such as timeline planning, questionnaires, and iterative feedback loops. The final design translated the previous tablet version into a user-centered desktop prototype for the first time.\n<b>Einen Vorher-Nachher-Vergleich sowie konkrete Ergebnisse k\u00f6nnen aus Gr\u00fcnden der Vertraulichkeit nicht gezeigt  werden.<\/b>\t\t\t\t\t\t<\/div>\n\t\t\t\t<\/div>\n\t\t\t\t\t<\/div>\n\t\t<\/div>\n\t\t\t\t<div class=\"elementor-column elementor-col-50 elementor-top-column elementor-element elementor-element-06d48ec\" data-id=\"06d48ec\" data-element_type=\"column\">\n\t\t\t<div class=\"elementor-widget-wrap elementor-element-populated\">\n\t\t\t\t\t\t\t\t<div class=\"elementor-element elementor-element-e1b9a68 elementor-hidden-desktop elementor-hidden-tablet elementor-hidden-mobile elementor-widget elementor-widget-image\" data-id=\"e1b9a68\" data-element_type=\"widget\" data-widget_type=\"image.default\">\n\t\t\t\t<div class=\"elementor-widget-container\">\n\t\t\t\t\t\t\t\t\t\t\t\t\t\t\t<img width=\"1024\" height=\"724\" src=\"https:\/\/xn--kschfer-8wa.de\/wp-content\/uploads\/2025\/11\/Design-ohne-Titel-1024x724.jpg\" class=\"attachment-large size-large\" alt=\"\" loading=\"lazy\" srcset=\"https:\/\/xn--kschfer-8wa.de\/wp-content\/uploads\/2025\/11\/Design-ohne-Titel-1024x724.jpg 1024w, https:\/\/xn--kschfer-8wa.de\/wp-content\/uploads\/2025\/11\/Design-ohne-Titel-300x212.jpg 300w, https:\/\/xn--kschfer-8wa.de\/wp-content\/uploads\/2025\/11\/Design-ohne-Titel-768x543.jpg 768w, https:\/\/xn--kschfer-8wa.de\/wp-content\/uploads\/2025\/11\/Design-ohne-Titel-1536x1086.jpg 1536w, https:\/\/xn--kschfer-8wa.de\/wp-content\/uploads\/2025\/11\/Design-ohne-Titel.jpg 2000w\" sizes=\"(max-width: 1024px) 100vw, 1024px\" \/>\t\t\t\t\t\t\t\t\t\t\t\t\t\t\t<\/div>\n\t\t\t\t<\/div>\n\t\t\t\t<div class=\"elementor-element elementor-element-f2cbc5a elementor-widget elementor-widget-image\" data-id=\"f2cbc5a\" data-element_type=\"widget\" data-widget_type=\"image.default\">\n\t\t\t\t<div class=\"elementor-widget-container\">\n\t\t\t\t\t\t\t\t\t\t\t\t\t\t\t<img width=\"1024\" height=\"724\" src=\"https:\/\/xn--kschfer-8wa.de\/wp-content\/uploads\/2025\/11\/Design-ohne-Titel1-1024x724.jpg\" class=\"attachment-large size-large\" alt=\"\" loading=\"lazy\" srcset=\"https:\/\/xn--kschfer-8wa.de\/wp-content\/uploads\/2025\/11\/Design-ohne-Titel1-1024x724.jpg 1024w, https:\/\/xn--kschfer-8wa.de\/wp-content\/uploads\/2025\/11\/Design-ohne-Titel1-300x212.jpg 300w, https:\/\/xn--kschfer-8wa.de\/wp-content\/uploads\/2025\/11\/Design-ohne-Titel1-768x543.jpg 768w, https:\/\/xn--kschfer-8wa.de\/wp-content\/uploads\/2025\/11\/Design-ohne-Titel1-1536x1086.jpg 1536w, https:\/\/xn--kschfer-8wa.de\/wp-content\/uploads\/2025\/11\/Design-ohne-Titel1.jpg 2000w\" sizes=\"(max-width: 1024px) 100vw, 1024px\" \/>\t\t\t\t\t\t\t\t\t\t\t\t\t\t\t<\/div>\n\t\t\t\t<\/div>\n\t\t\t\t\t<\/div>\n\t\t<\/div>\n\t\t\t\t\t\t\t<\/div>\n\t\t<\/section>\n\t\t\t\t\t\t<\/div>\n\t\t\t\t\t<\/div>","protected":false},"excerpt":{"rendered":"<p>Appsoluts GmbH Bei der Appsoluts GmbH\ufeff, einem Unternehmen f\u00fcr Softwareentwicklung und App-L\u00f6sungen, war ich als Werkstudentin vielseitig im Bereich UX\/UI-Design\ufeff t\u00e4tig. Im interdisziplin\u00e4ren Team aus Designern und Entwicklern habe ich kreative Konzeptentw\u00fcrfe und Figma-Designs f\u00fcr mobile und Web-Anwendungen umgesetzt sowie Quality Audits zur Sicherstellung der Designqualit\u00e4t durchgef\u00fchrt. Die Zusammenarbeit erm\u00f6glichte mir abwechslungsreiche Projekte und eigenverantwortliches [&hellip;]<\/p>","protected":false},"author":3,"featured_media":0,"parent":0,"menu_order":0,"comment_status":"closed","ping_status":"closed","template":"","meta":[],"_links":{"self":[{"href":"https:\/\/xn--kschfer-8wa.de\/en\/wp-json\/wp\/v2\/pages\/3448"}],"collection":[{"href":"https:\/\/xn--kschfer-8wa.de\/en\/wp-json\/wp\/v2\/pages"}],"about":[{"href":"https:\/\/xn--kschfer-8wa.de\/en\/wp-json\/wp\/v2\/types\/page"}],"author":[{"embeddable":true,"href":"https:\/\/xn--kschfer-8wa.de\/en\/wp-json\/wp\/v2\/users\/3"}],"replies":[{"embeddable":true,"href":"https:\/\/xn--kschfer-8wa.de\/en\/wp-json\/wp\/v2\/comments?post=3448"}],"version-history":[{"count":119,"href":"https:\/\/xn--kschfer-8wa.de\/en\/wp-json\/wp\/v2\/pages\/3448\/revisions"}],"predecessor-version":[{"id":3752,"href":"https:\/\/xn--kschfer-8wa.de\/en\/wp-json\/wp\/v2\/pages\/3448\/revisions\/3752"}],"wp:attachment":[{"href":"https:\/\/xn--kschfer-8wa.de\/en\/wp-json\/wp\/v2\/media?parent=3448"}],"curies":[{"name":"wp","href":"https:\/\/api.w.org\/{rel}","templated":true}]}}